{"id":334,"date":"2021-10-31T18:30:08","date_gmt":"2021-10-31T17:30:08","guid":{"rendered":"http:\/\/www.salesches.fr\/?page_id=334"},"modified":"2021-12-19T10:47:42","modified_gmt":"2021-12-19T09:47:42","slug":"les-comites","status":"publish","type":"page","link":"http:\/\/www.salesches.fr\/?page_id=334","title":{"rendered":"Les comit\u00e9s"},"content":{"rendered":"\n<p>Le conseil municipal cr\u00e9e des comit\u00e9s consultatifs sur tout probl\u00e8me d&#8217;int\u00e9r\u00eat communal. Ces comit\u00e9s se composent de personnes parfois ext\u00e9rieures au conseil (repr\u00e9sentants des associations locales par exemple). Chaque comit\u00e9 est pr\u00e9sid\u00e9 par un membre du conseil municipal d\u00e9sign\u00e9 par le maire.<\/p>\n\n\n\n<p>Les comit\u00e9s sont consultables par le maire sur toute question ou projet int\u00e9ressant les services publics et \u00e9quipements de proximit\u00e9. Ils peuvent par ailleurs transmettre au maire des propositions concernant les probl\u00e8me d&#8217;int\u00e9r\u00eat communal pour lequel ils ont \u00e9t\u00e9 cr\u00e9es.<\/p>\n\n\n\n<p class=\"has-accent-font-background-color has-background\"><span style=\"text-decoration: underline;\">Voici la liste des comit\u00e9s cr\u00e9\u00e9s \u00e0 Salesches :<\/span><\/p>\n\n\n\n<ul class=\"wp-block-list\"><li>Le <strong>Comit\u00e9 Communal d&#8217;Action Sociale (CCdAS) :<\/strong> Comme les CCAS dans les villes de plus de 1500 habitants, le CCdAS de Salesches anime la pr\u00e9vention et le d\u00e9veloppement social dans la commune. Sa structure est identique \u00e0 celle d&#8217;un CCAS, la gestion est toutefois r\u00e9alis\u00e9e directement par la commune par mesure de simplicit\u00e9.<\/li><\/ul>\n\n\n\n<ul class=\"wp-block-list\"><li>Le Comit\u00e9 des F\u00eates de Salesches est une association \u00e0 part enti\u00e8re malgr\u00e9 sa d\u00e9nomination. Retrouvez-le sur la page d\u00e9di\u00e9e <a href=\"http:\/\/www.salesches.fr\/?page_id=128\">au r\u00e9seau associatif Saleschois<\/a>. <\/li><\/ul>\n\n\n\n<p><em>D&#8217;autres comit\u00e9s sont susceptible d&#8217;\u00eatre cr\u00e9\u00e9s au fur et \u00e0 mesure des besoins identifi\u00e9s par la commune, ils seront identifi\u00e9s sur cette page le cas \u00e9ch\u00e9ant.<\/em><\/p>\n","protected":false},"excerpt":{"rendered":"<p>Le conseil municipal cr\u00e9e des comit\u00e9s consultatifs sur tout probl\u00e8me d&#8217;int\u00e9r\u00eat communal. Ces comit\u00e9s se composent de personnes parfois ext\u00e9rieures au conseil (repr\u00e9sentants des associations locales par exemple). Chaque comit\u00e9 est pr\u00e9sid\u00e9 par un membre du conseil municipal d\u00e9sign\u00e9 par le maire. Les comit\u00e9s sont consultables par le maire sur<span class=\"more-link\"><a href=\"http:\/\/www.salesches.fr\/?page_id=334\">Continue Reading<\/a><\/span><\/p>\n","protected":false},"author":1,"featured_media":0,"parent":105,"menu_order":0,"comment_status":"closed","ping_status":"closed","template":"","meta":{"footnotes":"","_links_to":"","_links_to_target":""},"class_list":["entry","author-pp856996-ovh","post-334","page","type-page","status-publish"],"yoast_head":"<!-- This site is optimized with the Yoast SEO plugin v26.7 - https:\/\/yoast.com\/wordpress\/plugins\/seo\/ -->\n<title>Les comit\u00e9s - Salesches<\/title>\n<meta name=\"robots\" content=\"index, follow, max-snippet:-1, max-image-preview:large, max-video-preview:-1\" \/>\n<link rel=\"canonical\" href=\"https:\/\/www.salesches.fr\/?page_id=334\" \/>\n<meta property=\"og:locale\" content=\"fr_FR\" \/>\n<meta property=\"og:type\" content=\"article\" \/>\n<meta property=\"og:title\" content=\"Les comit\u00e9s - Salesches\" \/>\n<meta property=\"og:description\" content=\"Le conseil municipal cr\u00e9e des comit\u00e9s consultatifs sur tout probl\u00e8me d&#8217;int\u00e9r\u00eat communal. Ces comit\u00e9s se composent de personnes parfois ext\u00e9rieures au conseil (repr\u00e9sentants des associations locales par exemple). Chaque comit\u00e9 est pr\u00e9sid\u00e9 par un membre du conseil municipal d\u00e9sign\u00e9 par le maire. Les comit\u00e9s sont consultables par le maire surContinue Reading\" \/>\n<meta property=\"og:url\" content=\"https:\/\/www.salesches.fr\/?page_id=334\" \/>\n<meta property=\"og:site_name\" content=\"Salesches\" \/>\n<meta property=\"article:publisher\" content=\"https:\/\/www.facebook.com\/Mairie-de-Salesches-103732781118990\/\" \/>\n<meta property=\"article:modified_time\" content=\"2021-12-19T09:47:42+00:00\" \/>\n<meta name=\"twitter:card\" content=\"summary_large_image\" \/>\n<meta name=\"twitter:label1\" content=\"Dur\u00e9e de lecture estim\u00e9e\" \/>\n\t<meta name=\"twitter:data1\" content=\"1 minute\" \/>\n<script type=\"application\/ld+json\" class=\"yoast-schema-graph\">{\"@context\":\"https:\/\/schema.org\",\"@graph\":[{\"@type\":\"WebPage\",\"@id\":\"https:\/\/www.salesches.fr\/?page_id=334\",\"url\":\"https:\/\/www.salesches.fr\/?page_id=334\",\"name\":\"Les comit\u00e9s - Salesches\",\"isPartOf\":{\"@id\":\"http:\/\/www.salesches.fr\/#website\"},\"datePublished\":\"2021-10-31T17:30:08+00:00\",\"dateModified\":\"2021-12-19T09:47:42+00:00\",\"breadcrumb\":{\"@id\":\"https:\/\/www.salesches.fr\/?page_id=334#breadcrumb\"},\"inLanguage\":\"fr-FR\",\"potentialAction\":[{\"@type\":\"ReadAction\",\"target\":[\"https:\/\/www.salesches.fr\/?page_id=334\"]}]},{\"@type\":\"BreadcrumbList\",\"@id\":\"https:\/\/www.salesches.fr\/?page_id=334#breadcrumb\",\"itemListElement\":[{\"@type\":\"ListItem\",\"position\":1,\"name\":\"Accueil\",\"item\":\"http:\/\/www.salesches.fr\/\"},{\"@type\":\"ListItem\",\"position\":2,\"name\":\"La vie municipale\",\"item\":\"https:\/\/www.salesches.fr\/?page_id=105\"},{\"@type\":\"ListItem\",\"position\":3,\"name\":\"Les comit\u00e9s\"}]},{\"@type\":\"WebSite\",\"@id\":\"http:\/\/www.salesches.fr\/#website\",\"url\":\"http:\/\/www.salesches.fr\/\",\"name\":\"Salesches\",\"description\":\"Site officiel de la commune de Salesches (59218 - France)\",\"publisher\":{\"@id\":\"http:\/\/www.salesches.fr\/#organization\"},\"potentialAction\":[{\"@type\":\"SearchAction\",\"target\":{\"@type\":\"EntryPoint\",\"urlTemplate\":\"http:\/\/www.salesches.fr\/?s={search_term_string}\"},\"query-input\":{\"@type\":\"PropertyValueSpecification\",\"valueRequired\":true,\"valueName\":\"search_term_string\"}}],\"inLanguage\":\"fr-FR\"},{\"@type\":\"Organization\",\"@id\":\"http:\/\/www.salesches.fr\/#organization\",\"name\":\"Mairie de Salesches\",\"url\":\"http:\/\/www.salesches.fr\/\",\"logo\":{\"@type\":\"ImageObject\",\"inLanguage\":\"fr-FR\",\"@id\":\"http:\/\/www.salesches.fr\/#\/schema\/logo\/image\/\",\"url\":\"http:\/\/www.salesches.fr\/wp-content\/uploads\/2021\/06\/cropped-cropped-blason-salesches-1.png\",\"contentUrl\":\"http:\/\/www.salesches.fr\/wp-content\/uploads\/2021\/06\/cropped-cropped-blason-salesches-1.png\",\"width\":512,\"height\":512,\"caption\":\"Mairie de Salesches\"},\"image\":{\"@id\":\"http:\/\/www.salesches.fr\/#\/schema\/logo\/image\/\"},\"sameAs\":[\"https:\/\/www.facebook.com\/Mairie-de-Salesches-103732781118990\/\"]}]}<\/script>\n<!-- \/ Yoast SEO plugin. -->","yoast_head_json":{"title":"Les comit\u00e9s - Salesches","robots":{"index":"index","follow":"follow","max-snippet":"max-snippet:-1","max-image-preview":"max-image-preview:large","max-video-preview":"max-video-preview:-1"},"canonical":"https:\/\/www.salesches.fr\/?page_id=334","og_locale":"fr_FR","og_type":"article","og_title":"Les comit\u00e9s - Salesches","og_description":"Le conseil municipal cr\u00e9e des comit\u00e9s consultatifs sur tout probl\u00e8me d&#8217;int\u00e9r\u00eat communal. Ces comit\u00e9s se composent de personnes parfois ext\u00e9rieures au conseil (repr\u00e9sentants des associations locales par exemple). Chaque comit\u00e9 est pr\u00e9sid\u00e9 par un membre du conseil municipal d\u00e9sign\u00e9 par le maire. Les comit\u00e9s sont consultables par le maire surContinue Reading","og_url":"https:\/\/www.salesches.fr\/?page_id=334","og_site_name":"Salesches","article_publisher":"https:\/\/www.facebook.com\/Mairie-de-Salesches-103732781118990\/","article_modified_time":"2021-12-19T09:47:42+00:00","twitter_card":"summary_large_image","twitter_misc":{"Dur\u00e9e de lecture estim\u00e9e":"1 minute"},"schema":{"@context":"https:\/\/schema.org","@graph":[{"@type":"WebPage","@id":"https:\/\/www.salesches.fr\/?page_id=334","url":"https:\/\/www.salesches.fr\/?page_id=334","name":"Les comit\u00e9s - Salesches","isPartOf":{"@id":"http:\/\/www.salesches.fr\/#website"},"datePublished":"2021-10-31T17:30:08+00:00","dateModified":"2021-12-19T09:47:42+00:00","breadcrumb":{"@id":"https:\/\/www.salesches.fr\/?page_id=334#breadcrumb"},"inLanguage":"fr-FR","potentialAction":[{"@type":"ReadAction","target":["https:\/\/www.salesches.fr\/?page_id=334"]}]},{"@type":"BreadcrumbList","@id":"https:\/\/www.salesches.fr\/?page_id=334#breadcrumb","itemListElement":[{"@type":"ListItem","position":1,"name":"Accueil","item":"http:\/\/www.salesches.fr\/"},{"@type":"ListItem","position":2,"name":"La vie municipale","item":"https:\/\/www.salesches.fr\/?page_id=105"},{"@type":"ListItem","position":3,"name":"Les comit\u00e9s"}]},{"@type":"WebSite","@id":"http:\/\/www.salesches.fr\/#website","url":"http:\/\/www.salesches.fr\/","name":"Salesches","description":"Site officiel de la commune de Salesches (59218 - France)","publisher":{"@id":"http:\/\/www.salesches.fr\/#organization"},"potentialAction":[{"@type":"SearchAction","target":{"@type":"EntryPoint","urlTemplate":"http:\/\/www.salesches.fr\/?s={search_term_string}"},"query-input":{"@type":"PropertyValueSpecification","valueRequired":true,"valueName":"search_term_string"}}],"inLanguage":"fr-FR"},{"@type":"Organization","@id":"http:\/\/www.salesches.fr\/#organization","name":"Mairie de Salesches","url":"http:\/\/www.salesches.fr\/","logo":{"@type":"ImageObject","inLanguage":"fr-FR","@id":"http:\/\/www.salesches.fr\/#\/schema\/logo\/image\/","url":"http:\/\/www.salesches.fr\/wp-content\/uploads\/2021\/06\/cropped-cropped-blason-salesches-1.png","contentUrl":"http:\/\/www.salesches.fr\/wp-content\/uploads\/2021\/06\/cropped-cropped-blason-salesches-1.png","width":512,"height":512,"caption":"Mairie de Salesches"},"image":{"@id":"http:\/\/www.salesches.fr\/#\/schema\/logo\/image\/"},"sameAs":["https:\/\/www.facebook.com\/Mairie-de-Salesches-103732781118990\/"]}]}},"_links":{"self":[{"href":"http:\/\/www.salesches.fr\/index.php?rest_route=\/wp\/v2\/pages\/334","targetHints":{"allow":["GET"]}}],"collection":[{"href":"http:\/\/www.salesches.fr\/index.php?rest_route=\/wp\/v2\/pages"}],"about":[{"href":"http:\/\/www.salesches.fr\/index.php?rest_route=\/wp\/v2\/types\/page"}],"author":[{"embeddable":true,"href":"http:\/\/www.salesches.fr\/index.php?rest_route=\/wp\/v2\/users\/1"}],"replies":[{"embeddable":true,"href":"http:\/\/www.salesches.fr\/index.php?rest_route=%2Fwp%2Fv2%2Fcomments&post=334"}],"version-history":[{"count":8,"href":"http:\/\/www.salesches.fr\/index.php?rest_route=\/wp\/v2\/pages\/334\/revisions"}],"predecessor-version":[{"id":551,"href":"http:\/\/www.salesches.fr\/index.php?rest_route=\/wp\/v2\/pages\/334\/revisions\/551"}],"up":[{"embeddable":true,"href":"http:\/\/www.salesches.fr\/index.php?rest_route=\/wp\/v2\/pages\/105"}],"wp:attachment":[{"href":"http:\/\/www.salesches.fr\/index.php?rest_route=%2Fwp%2Fv2%2Fmedia&parent=334"}],"curies":[{"name":"wp","href":"https:\/\/api.w.org\/{rel}","templated":true}]}}