{"id":188,"date":"2021-10-28T00:33:26","date_gmt":"2021-10-27T22:33:26","guid":{"rendered":"http:\/\/www.salesches.fr\/?page_id=188"},"modified":"2021-12-19T11:12:16","modified_gmt":"2021-12-19T10:12:16","slug":"pour-nos-anciens","status":"publish","type":"page","link":"http:\/\/www.salesches.fr\/?page_id=188","title":{"rendered":"Pour nos anciens"},"content":{"rendered":"\n<div class=\"wp-block-columns is-layout-flex wp-container-core-columns-is-layout-9d6595d7 wp-block-columns-is-layout-flex\">\n<div class=\"wp-block-column is-layout-flow wp-block-column-is-layout-flow\">\n<p>Nos anciens, dans ce village \u00e0 taille humaine, peuvent profiter des petits plus traditionnellement propos\u00e9s par l&#8217;\u00e9quipe municipales.<\/p>\n\n\n\n<ul class=\"wp-block-list\"><li>Un <a href=\"https:\/\/www.facebook.com\/plugins\/post.php?href=https%3A%2F%2Fwww.facebook.com%2Fpermalink.php%3Fstory_fbid%3D447961483362783%26id%3D103732781118990\" target=\"_blank\" rel=\"noreferrer noopener\">repas convivial<\/a> est organis\u00e9 annuellement, sauf si des contraintes inattendues viennent perturber le programme, comme le provoque la crise sanitaire li\u00e9e au Covid19.<\/li><li>Un colis de No\u00ebl est distribu\u00e9 par les \u00e9lus dans chaque foyer \u00e9ligible, c&#8217;est l&#8217;occasion d&#8217;\u00e9changer et de partager un moment convivial en toute simplicit\u00e9.<\/li><li>Comme pour nos plus jeunes, l&#8217;\u00e9quipe municipale pr\u00e9pare un \u00e9quipement en renfort de la biblioth\u00e8que municipale qui permettra \u00e0 tous de profiter d&#8217;une offre renforc\u00e9e de services dans un monde num\u00e9rique tr\u00e8s \u00e9volutif. <\/li><\/ul>\n\n\n\n<p><em>Toute id\u00e9e et suggestion est bienvenue, un onglet du menu est fait pour cela ! <\/em><\/p>\n<\/div>\n<\/div>\n\n\n\n<p><\/p>\n","protected":false},"excerpt":{"rendered":"<p>Nos anciens, dans ce village \u00e0 taille humaine, peuvent profiter des petits plus traditionnellement propos\u00e9s par l&#8217;\u00e9quipe municipales. Un repas convivial est organis\u00e9 annuellement, sauf si des contraintes inattendues viennent perturber le programme, comme le provoque la crise sanitaire li\u00e9e au Covid19. Un colis de No\u00ebl est distribu\u00e9 par les<span class=\"more-link\"><a href=\"http:\/\/www.salesches.fr\/?page_id=188\">Continue Reading<\/a><\/span><\/p>\n","protected":false},"author":1,"featured_media":0,"parent":107,"menu_order":0,"comment_status":"closed","ping_status":"closed","template":"","meta":{"footnotes":"","_links_to":"","_links_to_target":""},"class_list":["entry","author-pp856996-ovh","post-188","page","type-page","status-publish"],"yoast_head":"<!-- This site is optimized with the Yoast SEO plugin v26.7 - https:\/\/yoast.com\/wordpress\/plugins\/seo\/ -->\n<title>Pour nos anciens - Salesches<\/title>\n<meta name=\"robots\" content=\"index, follow, max-snippet:-1, max-image-preview:large, max-video-preview:-1\" \/>\n<link rel=\"canonical\" href=\"http:\/\/www.salesches.fr\/?page_id=188\" \/>\n<meta property=\"og:locale\" content=\"fr_FR\" \/>\n<meta property=\"og:type\" content=\"article\" \/>\n<meta property=\"og:title\" content=\"Pour nos anciens - Salesches\" \/>\n<meta property=\"og:description\" content=\"Nos anciens, dans ce village \u00e0 taille humaine, peuvent profiter des petits plus traditionnellement propos\u00e9s par l&#8217;\u00e9quipe municipales. Un repas convivial est organis\u00e9 annuellement, sauf si des contraintes inattendues viennent perturber le programme, comme le provoque la crise sanitaire li\u00e9e au Covid19. Un colis de No\u00ebl est distribu\u00e9 par lesContinue Reading\" \/>\n<meta property=\"og:url\" content=\"http:\/\/www.salesches.fr\/?page_id=188\" \/>\n<meta property=\"og:site_name\" content=\"Salesches\" \/>\n<meta property=\"article:publisher\" content=\"https:\/\/www.facebook.com\/Mairie-de-Salesches-103732781118990\/\" \/>\n<meta property=\"article:modified_time\" content=\"2021-12-19T10:12:16+00:00\" \/>\n<meta name=\"twitter:card\" content=\"summary_large_image\" \/>\n<meta name=\"twitter:label1\" content=\"Dur\u00e9e de lecture estim\u00e9e\" \/>\n\t<meta name=\"twitter:data1\" content=\"1 minute\" \/>\n<script type=\"application\/ld+json\" class=\"yoast-schema-graph\">{\"@context\":\"https:\/\/schema.org\",\"@graph\":[{\"@type\":\"WebPage\",\"@id\":\"http:\/\/www.salesches.fr\/?page_id=188\",\"url\":\"http:\/\/www.salesches.fr\/?page_id=188\",\"name\":\"Pour nos anciens - Salesches\",\"isPartOf\":{\"@id\":\"http:\/\/www.salesches.fr\/#website\"},\"datePublished\":\"2021-10-27T22:33:26+00:00\",\"dateModified\":\"2021-12-19T10:12:16+00:00\",\"breadcrumb\":{\"@id\":\"http:\/\/www.salesches.fr\/?page_id=188#breadcrumb\"},\"inLanguage\":\"fr-FR\",\"potentialAction\":[{\"@type\":\"ReadAction\",\"target\":[\"http:\/\/www.salesches.fr\/?page_id=188\"]}]},{\"@type\":\"BreadcrumbList\",\"@id\":\"http:\/\/www.salesches.fr\/?page_id=188#breadcrumb\",\"itemListElement\":[{\"@type\":\"ListItem\",\"position\":1,\"name\":\"Accueil\",\"item\":\"http:\/\/www.salesches.fr\/\"},{\"@type\":\"ListItem\",\"position\":2,\"name\":\"Vivre \u00e0 Salesches\",\"item\":\"https:\/\/www.salesches.fr\/?page_id=107\"},{\"@type\":\"ListItem\",\"position\":3,\"name\":\"Pour nos anciens\"}]},{\"@type\":\"WebSite\",\"@id\":\"http:\/\/www.salesches.fr\/#website\",\"url\":\"http:\/\/www.salesches.fr\/\",\"name\":\"Salesches\",\"description\":\"Site officiel de la commune de Salesches (59218 - France)\",\"publisher\":{\"@id\":\"http:\/\/www.salesches.fr\/#organization\"},\"potentialAction\":[{\"@type\":\"SearchAction\",\"target\":{\"@type\":\"EntryPoint\",\"urlTemplate\":\"http:\/\/www.salesches.fr\/?s={search_term_string}\"},\"query-input\":{\"@type\":\"PropertyValueSpecification\",\"valueRequired\":true,\"valueName\":\"search_term_string\"}}],\"inLanguage\":\"fr-FR\"},{\"@type\":\"Organization\",\"@id\":\"http:\/\/www.salesches.fr\/#organization\",\"name\":\"Mairie de Salesches\",\"url\":\"http:\/\/www.salesches.fr\/\",\"logo\":{\"@type\":\"ImageObject\",\"inLanguage\":\"fr-FR\",\"@id\":\"http:\/\/www.salesches.fr\/#\/schema\/logo\/image\/\",\"url\":\"http:\/\/www.salesches.fr\/wp-content\/uploads\/2021\/06\/cropped-cropped-blason-salesches-1.png\",\"contentUrl\":\"http:\/\/www.salesches.fr\/wp-content\/uploads\/2021\/06\/cropped-cropped-blason-salesches-1.png\",\"width\":512,\"height\":512,\"caption\":\"Mairie de Salesches\"},\"image\":{\"@id\":\"http:\/\/www.salesches.fr\/#\/schema\/logo\/image\/\"},\"sameAs\":[\"https:\/\/www.facebook.com\/Mairie-de-Salesches-103732781118990\/\"]}]}<\/script>\n<!-- \/ Yoast SEO plugin. -->","yoast_head_json":{"title":"Pour nos anciens - Salesches","robots":{"index":"index","follow":"follow","max-snippet":"max-snippet:-1","max-image-preview":"max-image-preview:large","max-video-preview":"max-video-preview:-1"},"canonical":"http:\/\/www.salesches.fr\/?page_id=188","og_locale":"fr_FR","og_type":"article","og_title":"Pour nos anciens - Salesches","og_description":"Nos anciens, dans ce village \u00e0 taille humaine, peuvent profiter des petits plus traditionnellement propos\u00e9s par l&#8217;\u00e9quipe municipales. Un repas convivial est organis\u00e9 annuellement, sauf si des contraintes inattendues viennent perturber le programme, comme le provoque la crise sanitaire li\u00e9e au Covid19. Un colis de No\u00ebl est distribu\u00e9 par lesContinue Reading","og_url":"http:\/\/www.salesches.fr\/?page_id=188","og_site_name":"Salesches","article_publisher":"https:\/\/www.facebook.com\/Mairie-de-Salesches-103732781118990\/","article_modified_time":"2021-12-19T10:12:16+00:00","twitter_card":"summary_large_image","twitter_misc":{"Dur\u00e9e de lecture estim\u00e9e":"1 minute"},"schema":{"@context":"https:\/\/schema.org","@graph":[{"@type":"WebPage","@id":"http:\/\/www.salesches.fr\/?page_id=188","url":"http:\/\/www.salesches.fr\/?page_id=188","name":"Pour nos anciens - Salesches","isPartOf":{"@id":"http:\/\/www.salesches.fr\/#website"},"datePublished":"2021-10-27T22:33:26+00:00","dateModified":"2021-12-19T10:12:16+00:00","breadcrumb":{"@id":"http:\/\/www.salesches.fr\/?page_id=188#breadcrumb"},"inLanguage":"fr-FR","potentialAction":[{"@type":"ReadAction","target":["http:\/\/www.salesches.fr\/?page_id=188"]}]},{"@type":"BreadcrumbList","@id":"http:\/\/www.salesches.fr\/?page_id=188#breadcrumb","itemListElement":[{"@type":"ListItem","position":1,"name":"Accueil","item":"http:\/\/www.salesches.fr\/"},{"@type":"ListItem","position":2,"name":"Vivre \u00e0 Salesches","item":"https:\/\/www.salesches.fr\/?page_id=107"},{"@type":"ListItem","position":3,"name":"Pour nos anciens"}]},{"@type":"WebSite","@id":"http:\/\/www.salesches.fr\/#website","url":"http:\/\/www.salesches.fr\/","name":"Salesches","description":"Site officiel de la commune de Salesches (59218 - France)","publisher":{"@id":"http:\/\/www.salesches.fr\/#organization"},"potentialAction":[{"@type":"SearchAction","target":{"@type":"EntryPoint","urlTemplate":"http:\/\/www.salesches.fr\/?s={search_term_string}"},"query-input":{"@type":"PropertyValueSpecification","valueRequired":true,"valueName":"search_term_string"}}],"inLanguage":"fr-FR"},{"@type":"Organization","@id":"http:\/\/www.salesches.fr\/#organization","name":"Mairie de Salesches","url":"http:\/\/www.salesches.fr\/","logo":{"@type":"ImageObject","inLanguage":"fr-FR","@id":"http:\/\/www.salesches.fr\/#\/schema\/logo\/image\/","url":"http:\/\/www.salesches.fr\/wp-content\/uploads\/2021\/06\/cropped-cropped-blason-salesches-1.png","contentUrl":"http:\/\/www.salesches.fr\/wp-content\/uploads\/2021\/06\/cropped-cropped-blason-salesches-1.png","width":512,"height":512,"caption":"Mairie de Salesches"},"image":{"@id":"http:\/\/www.salesches.fr\/#\/schema\/logo\/image\/"},"sameAs":["https:\/\/www.facebook.com\/Mairie-de-Salesches-103732781118990\/"]}]}},"_links":{"self":[{"href":"http:\/\/www.salesches.fr\/index.php?rest_route=\/wp\/v2\/pages\/188","targetHints":{"allow":["GET"]}}],"collection":[{"href":"http:\/\/www.salesches.fr\/index.php?rest_route=\/wp\/v2\/pages"}],"about":[{"href":"http:\/\/www.salesches.fr\/index.php?rest_route=\/wp\/v2\/types\/page"}],"author":[{"embeddable":true,"href":"http:\/\/www.salesches.fr\/index.php?rest_route=\/wp\/v2\/users\/1"}],"replies":[{"embeddable":true,"href":"http:\/\/www.salesches.fr\/index.php?rest_route=%2Fwp%2Fv2%2Fcomments&post=188"}],"version-history":[{"count":5,"href":"http:\/\/www.salesches.fr\/index.php?rest_route=\/wp\/v2\/pages\/188\/revisions"}],"predecessor-version":[{"id":560,"href":"http:\/\/www.salesches.fr\/index.php?rest_route=\/wp\/v2\/pages\/188\/revisions\/560"}],"up":[{"embeddable":true,"href":"http:\/\/www.salesches.fr\/index.php?rest_route=\/wp\/v2\/pages\/107"}],"wp:attachment":[{"href":"http:\/\/www.salesches.fr\/index.php?rest_route=%2Fwp%2Fv2%2Fmedia&parent=188"}],"curies":[{"name":"wp","href":"https:\/\/api.w.org\/{rel}","templated":true}]}}