{"id":187,"date":"2021-10-28T00:33:26","date_gmt":"2021-10-27T22:33:26","guid":{"rendered":"http:\/\/www.salesches.fr\/?page_id=187"},"modified":"2021-12-19T11:11:16","modified_gmt":"2021-12-19T10:11:16","slug":"pour-nos-plus-jeunes","status":"publish","type":"page","link":"http:\/\/www.salesches.fr\/?page_id=187","title":{"rendered":"Pour nos plus jeunes"},"content":{"rendered":"\n<p>Les plus jeunes d&#8217;entre nous peuvent profiter de certains services ou \u00e9quipements disponibles \u00e0 Salesches :<\/p>\n\n\n\n<ul class=\"wp-block-list\"><li>L&#8217;aire de jeux a \u00e9t\u00e9 r\u00e9am\u00e9nag\u00e9e dans le courant de l&#8217;ann\u00e9e 2021, elle est associ\u00e9e d&#8217;une piste de p\u00e9tanque.<\/li><li>Les futurs jeunes chauffeurs peuvent profiter d&#8217;une aide financi\u00e8re au permis de conduire ! Tous les renseignements sont disponibles en mairie.<\/li><li>En relais de la biblioth\u00e8que qui m\u00e9rite une attention toute particuli\u00e8re, l&#8217;\u00e9quipe travaille \u00e0 l&#8217;ouverture d&#8217;un \u00e9quipement qui permettra d&#8217;enrichir l&#8217;offre de services du territoire et ne manquera pas d&#8217;int\u00e9r\u00eat pour nos jeunes.<\/li><li>L&#8217;\u00e9quipe municipale et le Comit\u00e9 des F\u00eates de Salesches organisent aussi la distribution de cadeaux aux enfants scolaris\u00e9s dans le village, <a href=\"https:\/\/www.facebook.com\/plugins\/post.php?href=https%3A%2F%2Fwww.facebook.com%2Fpermalink.php%3Fstory_fbid%3D451483056343959%26id%3D103732781118990\" target=\"_blank\" rel=\"noreferrer noopener\">comme ici en 2021<\/a>.<\/li><\/ul>\n\n\n\n<p><em>Bien entendu, toutes id\u00e9es \u00e9tant bonnes \u00e0 prendre, l&#8217;\u00e9quipe municipale est \u00e0 votre \u00e9coute des propositions et envies qui pourraient s&#8217;exprimer : dans le menu, la boite \u00e0 id\u00e9es et l\u00e0 pour \u00e7\u00e0 !<\/em><\/p>\n","protected":false},"excerpt":{"rendered":"<p>Les plus jeunes d&#8217;entre nous peuvent profiter de certains services ou \u00e9quipements disponibles \u00e0 Salesches : L&#8217;aire de jeux a \u00e9t\u00e9 r\u00e9am\u00e9nag\u00e9e dans le courant de l&#8217;ann\u00e9e 2021, elle est associ\u00e9e d&#8217;une piste de p\u00e9tanque. Les futurs jeunes chauffeurs peuvent profiter d&#8217;une aide financi\u00e8re au permis de conduire ! Tous<span class=\"more-link\"><a href=\"http:\/\/www.salesches.fr\/?page_id=187\">Continue Reading<\/a><\/span><\/p>\n","protected":false},"author":1,"featured_media":0,"parent":107,"menu_order":0,"comment_status":"closed","ping_status":"closed","template":"","meta":{"footnotes":"","_links_to":"","_links_to_target":""},"class_list":["entry","author-pp856996-ovh","post-187","page","type-page","status-publish"],"yoast_head":"<!-- This site is optimized with the Yoast SEO plugin v26.7 - https:\/\/yoast.com\/wordpress\/plugins\/seo\/ -->\n<title>Pour nos plus jeunes - Salesches<\/title>\n<meta name=\"robots\" content=\"index, follow, max-snippet:-1, max-image-preview:large, max-video-preview:-1\" \/>\n<link rel=\"canonical\" href=\"https:\/\/www.salesches.fr\/?page_id=187\" \/>\n<meta property=\"og:locale\" content=\"fr_FR\" \/>\n<meta property=\"og:type\" content=\"article\" \/>\n<meta property=\"og:title\" content=\"Pour nos plus jeunes - Salesches\" \/>\n<meta property=\"og:description\" content=\"Les plus jeunes d&#8217;entre nous peuvent profiter de certains services ou \u00e9quipements disponibles \u00e0 Salesches : L&#8217;aire de jeux a \u00e9t\u00e9 r\u00e9am\u00e9nag\u00e9e dans le courant de l&#8217;ann\u00e9e 2021, elle est associ\u00e9e d&#8217;une piste de p\u00e9tanque. Les futurs jeunes chauffeurs peuvent profiter d&#8217;une aide financi\u00e8re au permis de conduire ! TousContinue Reading\" \/>\n<meta property=\"og:url\" content=\"https:\/\/www.salesches.fr\/?page_id=187\" \/>\n<meta property=\"og:site_name\" content=\"Salesches\" \/>\n<meta property=\"article:publisher\" content=\"https:\/\/www.facebook.com\/Mairie-de-Salesches-103732781118990\/\" \/>\n<meta property=\"article:modified_time\" content=\"2021-12-19T10:11:16+00:00\" \/>\n<meta name=\"twitter:card\" content=\"summary_large_image\" \/>\n<meta name=\"twitter:label1\" content=\"Dur\u00e9e de lecture estim\u00e9e\" \/>\n\t<meta name=\"twitter:data1\" content=\"1 minute\" \/>\n<script type=\"application\/ld+json\" class=\"yoast-schema-graph\">{\"@context\":\"https:\/\/schema.org\",\"@graph\":[{\"@type\":\"WebPage\",\"@id\":\"https:\/\/www.salesches.fr\/?page_id=187\",\"url\":\"https:\/\/www.salesches.fr\/?page_id=187\",\"name\":\"Pour nos plus jeunes - Salesches\",\"isPartOf\":{\"@id\":\"https:\/\/www.salesches.fr\/#website\"},\"datePublished\":\"2021-10-27T22:33:26+00:00\",\"dateModified\":\"2021-12-19T10:11:16+00:00\",\"breadcrumb\":{\"@id\":\"https:\/\/www.salesches.fr\/?page_id=187#breadcrumb\"},\"inLanguage\":\"fr-FR\",\"potentialAction\":[{\"@type\":\"ReadAction\",\"target\":[\"https:\/\/www.salesches.fr\/?page_id=187\"]}]},{\"@type\":\"BreadcrumbList\",\"@id\":\"https:\/\/www.salesches.fr\/?page_id=187#breadcrumb\",\"itemListElement\":[{\"@type\":\"ListItem\",\"position\":1,\"name\":\"Accueil\",\"item\":\"https:\/\/www.salesches.fr\/\"},{\"@type\":\"ListItem\",\"position\":2,\"name\":\"Vivre \u00e0 Salesches\",\"item\":\"http:\/\/www.salesches.fr\/?page_id=107\"},{\"@type\":\"ListItem\",\"position\":3,\"name\":\"Pour nos plus jeunes\"}]},{\"@type\":\"WebSite\",\"@id\":\"https:\/\/www.salesches.fr\/#website\",\"url\":\"https:\/\/www.salesches.fr\/\",\"name\":\"Salesches\",\"description\":\"Site officiel de la commune de Salesches (59218 - France)\",\"publisher\":{\"@id\":\"https:\/\/www.salesches.fr\/#organization\"},\"potentialAction\":[{\"@type\":\"SearchAction\",\"target\":{\"@type\":\"EntryPoint\",\"urlTemplate\":\"https:\/\/www.salesches.fr\/?s={search_term_string}\"},\"query-input\":{\"@type\":\"PropertyValueSpecification\",\"valueRequired\":true,\"valueName\":\"search_term_string\"}}],\"inLanguage\":\"fr-FR\"},{\"@type\":\"Organization\",\"@id\":\"https:\/\/www.salesches.fr\/#organization\",\"name\":\"Mairie de Salesches\",\"url\":\"https:\/\/www.salesches.fr\/\",\"logo\":{\"@type\":\"ImageObject\",\"inLanguage\":\"fr-FR\",\"@id\":\"https:\/\/www.salesches.fr\/#\/schema\/logo\/image\/\",\"url\":\"http:\/\/www.salesches.fr\/wp-content\/uploads\/2021\/06\/cropped-cropped-blason-salesches-1.png\",\"contentUrl\":\"http:\/\/www.salesches.fr\/wp-content\/uploads\/2021\/06\/cropped-cropped-blason-salesches-1.png\",\"width\":512,\"height\":512,\"caption\":\"Mairie de Salesches\"},\"image\":{\"@id\":\"https:\/\/www.salesches.fr\/#\/schema\/logo\/image\/\"},\"sameAs\":[\"https:\/\/www.facebook.com\/Mairie-de-Salesches-103732781118990\/\"]}]}<\/script>\n<!-- \/ Yoast SEO plugin. -->","yoast_head_json":{"title":"Pour nos plus jeunes - Salesches","robots":{"index":"index","follow":"follow","max-snippet":"max-snippet:-1","max-image-preview":"max-image-preview:large","max-video-preview":"max-video-preview:-1"},"canonical":"https:\/\/www.salesches.fr\/?page_id=187","og_locale":"fr_FR","og_type":"article","og_title":"Pour nos plus jeunes - Salesches","og_description":"Les plus jeunes d&#8217;entre nous peuvent profiter de certains services ou \u00e9quipements disponibles \u00e0 Salesches : L&#8217;aire de jeux a \u00e9t\u00e9 r\u00e9am\u00e9nag\u00e9e dans le courant de l&#8217;ann\u00e9e 2021, elle est associ\u00e9e d&#8217;une piste de p\u00e9tanque. Les futurs jeunes chauffeurs peuvent profiter d&#8217;une aide financi\u00e8re au permis de conduire ! TousContinue Reading","og_url":"https:\/\/www.salesches.fr\/?page_id=187","og_site_name":"Salesches","article_publisher":"https:\/\/www.facebook.com\/Mairie-de-Salesches-103732781118990\/","article_modified_time":"2021-12-19T10:11:16+00:00","twitter_card":"summary_large_image","twitter_misc":{"Dur\u00e9e de lecture estim\u00e9e":"1 minute"},"schema":{"@context":"https:\/\/schema.org","@graph":[{"@type":"WebPage","@id":"https:\/\/www.salesches.fr\/?page_id=187","url":"https:\/\/www.salesches.fr\/?page_id=187","name":"Pour nos plus jeunes - Salesches","isPartOf":{"@id":"https:\/\/www.salesches.fr\/#website"},"datePublished":"2021-10-27T22:33:26+00:00","dateModified":"2021-12-19T10:11:16+00:00","breadcrumb":{"@id":"https:\/\/www.salesches.fr\/?page_id=187#breadcrumb"},"inLanguage":"fr-FR","potentialAction":[{"@type":"ReadAction","target":["https:\/\/www.salesches.fr\/?page_id=187"]}]},{"@type":"BreadcrumbList","@id":"https:\/\/www.salesches.fr\/?page_id=187#breadcrumb","itemListElement":[{"@type":"ListItem","position":1,"name":"Accueil","item":"https:\/\/www.salesches.fr\/"},{"@type":"ListItem","position":2,"name":"Vivre \u00e0 Salesches","item":"http:\/\/www.salesches.fr\/?page_id=107"},{"@type":"ListItem","position":3,"name":"Pour nos plus jeunes"}]},{"@type":"WebSite","@id":"https:\/\/www.salesches.fr\/#website","url":"https:\/\/www.salesches.fr\/","name":"Salesches","description":"Site officiel de la commune de Salesches (59218 - France)","publisher":{"@id":"https:\/\/www.salesches.fr\/#organization"},"potentialAction":[{"@type":"SearchAction","target":{"@type":"EntryPoint","urlTemplate":"https:\/\/www.salesches.fr\/?s={search_term_string}"},"query-input":{"@type":"PropertyValueSpecification","valueRequired":true,"valueName":"search_term_string"}}],"inLanguage":"fr-FR"},{"@type":"Organization","@id":"https:\/\/www.salesches.fr\/#organization","name":"Mairie de Salesches","url":"https:\/\/www.salesches.fr\/","logo":{"@type":"ImageObject","inLanguage":"fr-FR","@id":"https:\/\/www.salesches.fr\/#\/schema\/logo\/image\/","url":"http:\/\/www.salesches.fr\/wp-content\/uploads\/2021\/06\/cropped-cropped-blason-salesches-1.png","contentUrl":"http:\/\/www.salesches.fr\/wp-content\/uploads\/2021\/06\/cropped-cropped-blason-salesches-1.png","width":512,"height":512,"caption":"Mairie de Salesches"},"image":{"@id":"https:\/\/www.salesches.fr\/#\/schema\/logo\/image\/"},"sameAs":["https:\/\/www.facebook.com\/Mairie-de-Salesches-103732781118990\/"]}]}},"_links":{"self":[{"href":"http:\/\/www.salesches.fr\/index.php?rest_route=\/wp\/v2\/pages\/187","targetHints":{"allow":["GET"]}}],"collection":[{"href":"http:\/\/www.salesches.fr\/index.php?rest_route=\/wp\/v2\/pages"}],"about":[{"href":"http:\/\/www.salesches.fr\/index.php?rest_route=\/wp\/v2\/types\/page"}],"author":[{"embeddable":true,"href":"http:\/\/www.salesches.fr\/index.php?rest_route=\/wp\/v2\/users\/1"}],"replies":[{"embeddable":true,"href":"http:\/\/www.salesches.fr\/index.php?rest_route=%2Fwp%2Fv2%2Fcomments&post=187"}],"version-history":[{"count":9,"href":"http:\/\/www.salesches.fr\/index.php?rest_route=\/wp\/v2\/pages\/187\/revisions"}],"predecessor-version":[{"id":559,"href":"http:\/\/www.salesches.fr\/index.php?rest_route=\/wp\/v2\/pages\/187\/revisions\/559"}],"up":[{"embeddable":true,"href":"http:\/\/www.salesches.fr\/index.php?rest_route=\/wp\/v2\/pages\/107"}],"wp:attachment":[{"href":"http:\/\/www.salesches.fr\/index.php?rest_route=%2Fwp%2Fv2%2Fmedia&parent=187"}],"curies":[{"name":"wp","href":"https:\/\/api.w.org\/{rel}","templated":true}]}}